{"id":103,"date":"2021-06-16T07:51:38","date_gmt":"2021-06-16T07:51:38","guid":{"rendered":"https:\/\/badort.de\/?page_id=103"},"modified":"2021-06-17T09:34:40","modified_gmt":"2021-06-17T09:34:40","slug":"seiko","status":"publish","type":"page","link":"https:\/\/badort.de\/?page_id=103","title":{"rendered":"Seiko"},"content":{"rendered":"\r\n<h2>\r\n\r\n<\/h2>\r\n<h2 style=\"text-align: center;\">Die Produkte der Firma Seiko werden von uns sehr gesch\u00e4tzt.<\/h2>\r\n<h2 style=\"text-align: center;\">Die mechanischen Uhren haben eine \u00fcberragende Preis- Gegenwert- Relation<\/h2>\r\n<h4 style=\"text-align: center;\">Bei uns im Gesch\u00e4ft finden Sie eine gro\u00dfe Auswahl<\/h4>\r\n\r\n\r\n\r\n<style id=\"bwg-style-0\">    #bwg_container1_0 #bwg_container2_0 .bwg-container-0.bwg-standard-thumbnails {      width: 1504px;              justify-content: center;        margin:0 auto !important;              background-color: rgba(255, 255, 255, 0.00);            padding-left: 4px;      padding-top: 4px;      max-width: 100%;            }        #bwg_container1_0 #bwg_container2_0 .bwg-container-0.bwg-standard-thumbnails .bwg-item {    justify-content: flex-start;      max-width: 300px;          }    #bwg_container1_0 #bwg_container2_0 .bwg-container-0.bwg-standard-thumbnails .bwg-item a {       margin-right: 4px;       margin-bottom: 4px;    }    #bwg_container1_0 #bwg_container2_0 .bwg-container-0.bwg-standard-thumbnails .bwg-item0 {      padding: 0px;            background-color:rgba(0,0,0, 0.30);      border: 0px none #CCCCCC;      opacity: 1.00;      border-radius: 0;      box-shadow: ;    }    #bwg_container1_0 #bwg_container2_0 .bwg-container-0.bwg-standard-thumbnails .bwg-item1 img {      max-height: none;      max-width: none;      padding: 0 !important;    }         @media only screen and (min-width: 480px) {\t\t#bwg_container1_0 #bwg_container2_0 .bwg-container-0.bwg-standard-thumbnails .bwg-item1 img {\t\t\t-webkit-transition: all .3s; transition: all .3s;\t\t}\t\t#bwg_container1_0 #bwg_container2_0 .bwg-container-0.bwg-standard-thumbnails .bwg-item1 img:hover {\t\t\t-ms-transform: scale(1.08);\t\t\t-webkit-transform: scale(1.08);\t\t\ttransform: scale(1.08);\t\t}\t\t\t\t.bwg-standard-thumbnails .bwg-zoom-effect .bwg-zoom-effect-overlay {\t\t\t\t\t\tbackground-color:rgba(0,0,0, 0.3);\t\t}\t\t.bwg-standard-thumbnails .bwg-zoom-effect:hover img {\t\t\t-ms-transform: scale(1.08);\t\t\t-webkit-transform: scale(1.08);\t\t\ttransform: scale(1.08);\t\t}\t\t      }\t    #bwg_container1_0 #bwg_container2_0 .bwg-container-0.bwg-standard-thumbnails .bwg-item1 {      padding-top: 100%;    }        #bwg_container1_0 #bwg_container2_0 .bwg-container-0.bwg-standard-thumbnails .bwg-title1 {      position: absolute;      top: 0;      z-index: 100;      width: 100%;      height: 100%;      display: flex;      justify-content: center;      align-content: center;      flex-direction: column;      opacity: 0;    }\t      #bwg_container1_0 #bwg_container2_0 .bwg-container-0.bwg-standard-thumbnails .bwg-title2,    #bwg_container1_0 #bwg_container2_0 .bwg-container-0.bwg-standard-thumbnails .bwg-ecommerce2 {      color: #FFFFFF;      font-family: Ubuntu;      font-size: 16px;      font-weight: bold;      padding: 2px;      text-shadow: ;      max-height: 100%;    }    #bwg_container1_0 #bwg_container2_0 .bwg-container-0.bwg-standard-thumbnails .bwg-thumb-description span {    color: #323A45;    font-family: Ubuntu;    font-size: 12px;    max-height: 100%;    word-wrap: break-word;    }    #bwg_container1_0 #bwg_container2_0 .bwg-container-0.bwg-standard-thumbnails .bwg-play-icon2 {      font-size: 32px;    }    #bwg_container1_0 #bwg_container2_0 .bwg-container-0.bwg-standard-thumbnails .bwg-ecommerce2 {      font-size: 19.2px;      color: #323A45;    }    <\/style>    <div id=\"bwg_container1_0\"         class=\"bwg_container bwg_thumbnail bwg_thumbnails \"         data-right-click-protection=\"0\"         data-bwg=\"0\"         data-scroll=\"0\"         data-gallery-type=\"thumbnails\"         data-gallery-view-type=\"thumbnails\"         data-current-url=\"\/index.php?rest_route=%2Fwp%2Fv2%2Fpages%2F103\"         data-lightbox-url=\"https:\/\/badort.de\/wp-admin\/admin-ajax.php?action=GalleryBox&#038;current_view=0&#038;gallery_id=3&#038;tag=0&#038;theme_id=1&#038;shortcode_id=3&#038;sort_by=order&#038;order_by=asc&#038;current_url=%2Findex.php%3Frest_route%3D%252Fwp%252Fv2%252Fpages%252F103\"         data-gallery-id=\"3\"         data-popup-width=\"800\"         data-popup-height=\"500\"         data-is-album=\"gallery\"         data-buttons-position=\"bottom\">      <div id=\"bwg_container2_0\">             <div id=\"ajax_loading_0\" class=\"bwg_loading_div_1\">      <div class=\"bwg_loading_div_2\">        <div class=\"bwg_loading_div_3\">          <div id=\"loading_div_0\" class=\"bwg_spider_ajax_loading\">          <\/div>        <\/div>      <\/div>    <\/div>            <form id=\"gal_front_form_0\"              class=\"bwg-hidden\"              method=\"post\"              action=\"#\"              data-current=\"0\"              data-shortcode-id=\"3\"              data-gallery-type=\"thumbnails\"              data-gallery-id=\"3\"              data-tag=\"0\"              data-album-id=\"0\"              data-theme-id=\"1\"              data-ajax-url=\"https:\/\/badort.de\/wp-admin\/admin-ajax.php?action=bwg_frontend_data\">          <div id=\"bwg_container3_0\" class=\"bwg-background bwg-background-0\">                <div data-max-count=\"5\"         data-thumbnail-width=\"300\"         data-bwg=\"0\"         data-gallery-id=\"3\"         data-lightbox-url=\"https:\/\/badort.de\/wp-admin\/admin-ajax.php?action=GalleryBox&amp;current_view=0&amp;gallery_id=3&amp;tag=0&amp;theme_id=1&amp;shortcode_id=3&amp;sort_by=order&amp;order_by=asc&amp;current_url=%2Findex.php%3Frest_route%3D%252Fwp%252Fv2%252Fpages%252F103\"         id=\"bwg_thumbnails_0\"         class=\"bwg-container-0 bwg-thumbnails bwg-standard-thumbnails bwg-container bwg-border-box\">            <div class=\"bwg-item\">        <a class=\"bwg-a  bwg_lightbox\"  data-image-id=\"11\" href=\"https:\/\/badort.de\/wp-content\/uploads\/photo-gallery\/300dpi_SUT403P1_Beautyshot-2.jpg?bwg=1623838117\" data-elementor-open-lightbox=\"no\">                <div class=\"bwg-item0 \">          <div class=\"bwg-item1 bwg-zoom-effect\">            <div class=\"bwg-item2\">              <img decoding=\"async\" class=\"skip-lazy bwg_standart_thumb_img_0 \"                   data-id=\"11\"                   data-width=\"500\"                   data-height=\"500\"                   data-src=\"https:\/\/badort.de\/wp-content\/uploads\/photo-gallery\/thumb\/300dpi_SUT403P1_Beautyshot-2.jpg?bwg=1623838117\"                   src=\"https:\/\/badort.de\/wp-content\/uploads\/photo-gallery\/thumb\/300dpi_SUT403P1_Beautyshot-2.jpg?bwg=1623838117\"                   alt=\"1\"                   title=\"1\" \/>            <\/div>            <div class=\"bwg-zoom-effect-overlay\">              <div class=\"bwg-title1\"><div class=\"bwg-title2\">1<\/div><\/div>                                        <\/div>          <\/div>        <\/div>                        <\/a>              <\/div>            <div class=\"bwg-item\">        <a class=\"bwg-a  bwg_lightbox\"  data-image-id=\"10\" href=\"https:\/\/badort.de\/wp-content\/uploads\/photo-gallery\/300dpi_SPB221_Beautyshot_14-1.jpg?bwg=1623838117\" data-elementor-open-lightbox=\"no\">                <div class=\"bwg-item0 \">          <div class=\"bwg-item1 bwg-zoom-effect\">            <div class=\"bwg-item2\">              <img decoding=\"async\" class=\"skip-lazy bwg_standart_thumb_img_0 \"                   data-id=\"10\"                   data-width=\"500\"                   data-height=\"333\"                   data-src=\"https:\/\/badort.de\/wp-content\/uploads\/photo-gallery\/thumb\/300dpi_SPB221_Beautyshot_14-1.jpg?bwg=1623838117\"                   src=\"https:\/\/badort.de\/wp-content\/uploads\/photo-gallery\/thumb\/300dpi_SPB221_Beautyshot_14-1.jpg?bwg=1623838117\"                   alt=\"2\"                   title=\"2\" \/>            <\/div>            <div class=\"bwg-zoom-effect-overlay\">              <div class=\"bwg-title1\"><div class=\"bwg-title2\">2<\/div><\/div>                                        <\/div>          <\/div>        <\/div>                        <\/a>              <\/div>            <div class=\"bwg-item\">        <a class=\"bwg-a  bwg_lightbox\"  data-image-id=\"9\" href=\"https:\/\/badort.de\/wp-content\/uploads\/photo-gallery\/300dpi_SPB181J1.jpg?bwg=1623835279\" data-elementor-open-lightbox=\"no\">                <div class=\"bwg-item0 \">          <div class=\"bwg-item1 bwg-zoom-effect\">            <div class=\"bwg-item2\">              <img decoding=\"async\" class=\"skip-lazy bwg_standart_thumb_img_0 \"                   data-id=\"9\"                   data-width=\"365\"                   data-height=\"500\"                   data-src=\"https:\/\/badort.de\/wp-content\/uploads\/photo-gallery\/thumb\/300dpi_SPB181J1.jpg?bwg=1623835279\"                   src=\"https:\/\/badort.de\/wp-content\/uploads\/photo-gallery\/thumb\/300dpi_SPB181J1.jpg?bwg=1623835279\"                   alt=\"3\"                   title=\"3\" \/>            <\/div>            <div class=\"bwg-zoom-effect-overlay\">              <div class=\"bwg-title1\"><div class=\"bwg-title2\">3<\/div><\/div>                                        <\/div>          <\/div>        <\/div>                        <\/a>              <\/div>            <div class=\"bwg-item\">        <a class=\"bwg-a  bwg_lightbox\"  data-image-id=\"8\" href=\"https:\/\/badort.de\/wp-content\/uploads\/photo-gallery\/300dpi_SRPB41J1_Beautyshot_gekippt.jpg?bwg=1623835279\" data-elementor-open-lightbox=\"no\">                <div class=\"bwg-item0 \">          <div class=\"bwg-item1 bwg-zoom-effect\">            <div class=\"bwg-item2\">              <img decoding=\"async\" class=\"skip-lazy bwg_standart_thumb_img_0 \"                   data-id=\"8\"                   data-width=\"329\"                   data-height=\"500\"                   data-src=\"https:\/\/badort.de\/wp-content\/uploads\/photo-gallery\/thumb\/300dpi_SRPB41J1_Beautyshot_gekippt.jpg?bwg=1623835279\"                   src=\"https:\/\/badort.de\/wp-content\/uploads\/photo-gallery\/thumb\/300dpi_SRPB41J1_Beautyshot_gekippt.jpg?bwg=1623835279\"                   alt=\"4\"                   title=\"4\" \/>            <\/div>            <div class=\"bwg-zoom-effect-overlay\">              <div class=\"bwg-title1\"><div class=\"bwg-title2\">4<\/div><\/div>                                        <\/div>          <\/div>        <\/div>                        <\/a>              <\/div>            <div class=\"bwg-item\">        <a class=\"bwg-a  bwg_lightbox\"  data-image-id=\"6\" href=\"https:\/\/badort.de\/wp-content\/uploads\/photo-gallery\/300dpi_SPB207J1.jpg?bwg=1623835279\" data-elementor-open-lightbox=\"no\">                <div class=\"bwg-item0 \">          <div class=\"bwg-item1 bwg-zoom-effect\">            <div class=\"bwg-item2\">              <img decoding=\"async\" class=\"skip-lazy bwg_standart_thumb_img_0 \"                   data-id=\"6\"                   data-width=\"343\"                   data-height=\"500\"                   data-src=\"https:\/\/badort.de\/wp-content\/uploads\/photo-gallery\/thumb\/300dpi_SPB207J1.jpg?bwg=1623835279\"                   src=\"https:\/\/badort.de\/wp-content\/uploads\/photo-gallery\/thumb\/300dpi_SPB207J1.jpg?bwg=1623835279\"                   alt=\"6\"                   title=\"6\" \/>            <\/div>            <div class=\"bwg-zoom-effect-overlay\">              <div class=\"bwg-title1\"><div class=\"bwg-title2\">6<\/div><\/div>                                        <\/div>          <\/div>        <\/div>                        <\/a>              <\/div>            <div class=\"bwg-item\">        <a class=\"bwg-a  bwg_lightbox\"  data-image-id=\"5\" href=\"https:\/\/badort.de\/wp-content\/uploads\/photo-gallery\/300dpi_SRPE45J1.jpg?bwg=1623835279\" data-elementor-open-lightbox=\"no\">                <div class=\"bwg-item0 \">          <div class=\"bwg-item1 bwg-zoom-effect\">            <div class=\"bwg-item2\">              <img decoding=\"async\" class=\"skip-lazy bwg_standart_thumb_img_0 \"                   data-id=\"5\"                   data-width=\"318\"                   data-height=\"500\"                   data-src=\"https:\/\/badort.de\/wp-content\/uploads\/photo-gallery\/thumb\/300dpi_SRPE45J1.jpg?bwg=1623835279\"                   src=\"https:\/\/badort.de\/wp-content\/uploads\/photo-gallery\/thumb\/300dpi_SRPE45J1.jpg?bwg=1623835279\"                   alt=\"7\"                   title=\"7\" \/>            <\/div>            <div class=\"bwg-zoom-effect-overlay\">              <div class=\"bwg-title1\"><div class=\"bwg-title2\">7<\/div><\/div>                                        <\/div>          <\/div>        <\/div>                        <\/a>              <\/div>            <div class=\"bwg-item\">        <a class=\"bwg-a  bwg_lightbox\"  data-image-id=\"4\" href=\"https:\/\/badort.de\/wp-content\/uploads\/photo-gallery\/300dpi_SPB083J1_Beautyshot_Schatten.jpg?bwg=1623835279\" data-elementor-open-lightbox=\"no\">                <div class=\"bwg-item0 \">          <div class=\"bwg-item1 bwg-zoom-effect\">            <div class=\"bwg-item2\">              <img decoding=\"async\" class=\"skip-lazy bwg_standart_thumb_img_0 \"                   data-id=\"4\"                   data-width=\"255\"                   data-height=\"500\"                   data-src=\"https:\/\/badort.de\/wp-content\/uploads\/photo-gallery\/thumb\/300dpi_SPB083J1_Beautyshot_Schatten.jpg?bwg=1623835279\"                   src=\"https:\/\/badort.de\/wp-content\/uploads\/photo-gallery\/thumb\/300dpi_SPB083J1_Beautyshot_Schatten.jpg?bwg=1623835279\"                   alt=\"7\"                   title=\"7\" \/>            <\/div>            <div class=\"bwg-zoom-effect-overlay\">              <div class=\"bwg-title1\"><div class=\"bwg-title2\">7<\/div><\/div>                                        <\/div>          <\/div>        <\/div>                        <\/a>              <\/div>            <div class=\"bwg-item\">        <a class=\"bwg-a  bwg_lightbox\"  data-image-id=\"3\" href=\"https:\/\/badort.de\/wp-content\/uploads\/photo-gallery\/300dpi_SRP855J1_SRP853J1_Beautyshot_mit_Hintergrund.jpg?bwg=1623835279\" data-elementor-open-lightbox=\"no\">                <div class=\"bwg-item0 \">          <div class=\"bwg-item1 bwg-zoom-effect\">            <div class=\"bwg-item2\">              <img decoding=\"async\" class=\"skip-lazy bwg_standart_thumb_img_0 \"                   data-id=\"3\"                   data-width=\"500\"                   data-height=\"333\"                   data-src=\"https:\/\/badort.de\/wp-content\/uploads\/photo-gallery\/thumb\/300dpi_SRP855J1_SRP853J1_Beautyshot_mit_Hintergrund.jpg?bwg=1623835279\"                   src=\"https:\/\/badort.de\/wp-content\/uploads\/photo-gallery\/thumb\/300dpi_SRP855J1_SRP853J1_Beautyshot_mit_Hintergrund.jpg?bwg=1623835279\"                   alt=\"8\"                   title=\"8\" \/>            <\/div>            <div class=\"bwg-zoom-effect-overlay\">              <div class=\"bwg-title1\"><div class=\"bwg-title2\">8<\/div><\/div>                                        <\/div>          <\/div>        <\/div>                        <\/a>              <\/div>            <div class=\"bwg-item\">        <a class=\"bwg-a  bwg_lightbox\"  data-image-id=\"2\" href=\"https:\/\/badort.de\/wp-content\/uploads\/photo-gallery\/300dpi_SPB207J1_SLA047J1_SSC807J1_Beautyshot_quer.jpg?bwg=1623835279\" data-elementor-open-lightbox=\"no\">                <div class=\"bwg-item0 \">          <div class=\"bwg-item1 bwg-zoom-effect\">            <div class=\"bwg-item2\">              <img decoding=\"async\" class=\"skip-lazy bwg_standart_thumb_img_0 \"                   data-id=\"2\"                   data-width=\"500\"                   data-height=\"354\"                   data-src=\"https:\/\/badort.de\/wp-content\/uploads\/photo-gallery\/thumb\/300dpi_SPB207J1_SLA047J1_SSC807J1_Beautyshot_quer.jpg?bwg=1623835279\"                   src=\"https:\/\/badort.de\/wp-content\/uploads\/photo-gallery\/thumb\/300dpi_SPB207J1_SLA047J1_SSC807J1_Beautyshot_quer.jpg?bwg=1623835279\"                   alt=\"9\"                   title=\"9\" \/>            <\/div>            <div class=\"bwg-zoom-effect-overlay\">              <div class=\"bwg-title1\"><div class=\"bwg-title2\">9<\/div><\/div>                                        <\/div>          <\/div>        <\/div>                        <\/a>              <\/div>            <div class=\"bwg-item\">        <a class=\"bwg-a  bwg_lightbox\"  data-image-id=\"1\" href=\"https:\/\/badort.de\/wp-content\/uploads\/photo-gallery\/300dpi_SPB181J1_SSC795J1_Beautyshot_quadratisch.jpg?bwg=1623835279\" data-elementor-open-lightbox=\"no\">                <div class=\"bwg-item0 \">          <div class=\"bwg-item1 bwg-zoom-effect\">            <div class=\"bwg-item2\">              <img decoding=\"async\" class=\"skip-lazy bwg_standart_thumb_img_0 \"                   data-id=\"1\"                   data-width=\"500\"                   data-height=\"500\"                   data-src=\"https:\/\/badort.de\/wp-content\/uploads\/photo-gallery\/thumb\/300dpi_SPB181J1_SSC795J1_Beautyshot_quadratisch.jpg?bwg=1623835279\"                   src=\"https:\/\/badort.de\/wp-content\/uploads\/photo-gallery\/thumb\/300dpi_SPB181J1_SSC795J1_Beautyshot_quadratisch.jpg?bwg=1623835279\"                   alt=\"10\"                   title=\"10\" \/>            <\/div>            <div class=\"bwg-zoom-effect-overlay\">              <div class=\"bwg-title1\"><div class=\"bwg-title2\">10<\/div><\/div>                                        <\/div>          <\/div>        <\/div>                        <\/a>              <\/div>          <\/div>              <\/div>        <\/form>        <style>          #bwg_container1_0 #bwg_container2_0 #spider_popup_overlay_0 {          background-color: #EEEEEE;          opacity: 0.60;          }          <\/style>        <div id=\"bwg_spider_popup_loading_0\" class=\"bwg_spider_popup_loading\"><\/div>        <div id=\"spider_popup_overlay_0\" class=\"spider_popup_overlay\" onclick=\"spider_destroypopup(1000)\"><\/div>        <input type=\"hidden\" id=\"bwg_random_seed_0\" value=\"1184601642\">                <\/div>    <\/div>    <script>      if (document.readyState === 'complete') {        if( typeof bwg_main_ready == 'function' ) {          if ( jQuery(\"#bwg_container1_0\").height() ) {            bwg_main_ready(jQuery(\"#bwg_container1_0\"));          }        }      } else {        document.addEventListener('DOMContentLoaded', function() {          if( typeof bwg_main_ready == 'function' ) {            if ( jQuery(\"#bwg_container1_0\").height() ) {             bwg_main_ready(jQuery(\"#bwg_container1_0\"));            }          }        });      }    <\/script>    \r\n<p class=\"has-text-align-center\" style=\"text-align: center;\">W\u00fcnschen Sie genauere Informationen zu einer Uhr, rufen Sie uns unter der Angabe der Bildnummer an.<\/p>\r\n<p style=\"text-align: center;\"><strong>Nach dem Klicken auf ein beliebiges Bild \u00f6ffnet sich die Galerie, die durch die Symbole am unteren Rand des Bildschirms gesteuert werden.<\/strong><\/p>\r\n<p class=\"has-text-align-center\">\r\n\r\n<\/p>\r\n<p class=\"has-text-align-center\">\u00a0<\/p>\r\n<p class=\"has-normal-font-size\" style=\"text-align: center;\"><strong>Die Bedienungselemente kennen Sie von der Fernbedienung Ihres TV-Ger\u00e4ts.<\/strong><\/p>\r\n<p class=\"has-text-align-center\">\r\n\r\n<\/p>\r\n<p>&nbsp;<\/p>\r\n<p class=\"has-text-align-center\">\r\n\r\n<\/p>\r\n<p>&nbsp;<\/p>\r\n<p class=\"has-text-align-center\"><\/p>","protected":false},"excerpt":{"rendered":"<p>Die Produkte der Firma Seiko werden von uns sehr gesch\u00e4tzt. Die mechanischen Uhren haben eine \u00fcberragende Preis- Gegenwert- Relation Bei uns im Gesch\u00e4ft finden Sie eine gro\u00dfe Auswahl W\u00fcnschen Sie genauere Informationen zu einer Uhr, rufen Sie uns unter der Angabe der Bildnummer an. Nach dem Klicken auf ein beliebiges Bild \u00f6ffnet sich die Galerie, [&hellip;]<\/p>\n","protected":false},"author":1,"featured_media":0,"parent":0,"menu_order":0,"comment_status":"closed","ping_status":"closed","template":"","meta":{"footnotes":""},"class_list":["post-103","page","type-page","status-publish","hentry"],"_links":{"self":[{"href":"https:\/\/badort.de\/index.php?rest_route=\/wp\/v2\/pages\/103","targetHints":{"allow":["GET"]}}],"collection":[{"href":"https:\/\/badort.de\/index.php?rest_route=\/wp\/v2\/pages"}],"about":[{"href":"https:\/\/badort.de\/index.php?rest_route=\/wp\/v2\/types\/page"}],"author":[{"embeddable":true,"href":"https:\/\/badort.de\/index.php?rest_route=\/wp\/v2\/users\/1"}],"replies":[{"embeddable":true,"href":"https:\/\/badort.de\/index.php?rest_route=%2Fwp%2Fv2%2Fcomments&post=103"}],"version-history":[{"count":14,"href":"https:\/\/badort.de\/index.php?rest_route=\/wp\/v2\/pages\/103\/revisions"}],"predecessor-version":[{"id":129,"href":"https:\/\/badort.de\/index.php?rest_route=\/wp\/v2\/pages\/103\/revisions\/129"}],"wp:attachment":[{"href":"https:\/\/badort.de\/index.php?rest_route=%2Fwp%2Fv2%2Fmedia&parent=103"}],"curies":[{"name":"wp","href":"https:\/\/api.w.org\/{rel}","templated":true}]}}